{"id":756,"date":"2023-08-07T11:06:46","date_gmt":"2023-08-07T09:06:46","guid":{"rendered":"https:\/\/mentalpower.cz\/about-the-festival\/"},"modified":"2024-12-30T16:27:52","modified_gmt":"2024-12-30T15:27:52","slug":"about-the-festival","status":"publish","type":"page","link":"https:\/\/mentalpower.cz\/en\/about-the-festival\/","title":{"rendered":"About the Festival"},"content":{"rendered":"<p>[et_pb_section fb_built=&#8221;1&#8243; _builder_version=&#8221;4.21.2&#8243; _module_preset=&#8221;default&#8221; background_color=&#8221;gcid-cc4470d5-b1ca-4204-b7c6-397e5a7dcf1e&#8221; custom_margin=&#8221;-131px||||false|false&#8221; custom_padding=&#8221;207px||30px||false|false&#8221; global_colors_info=&#8221;{%22gcid-cc4470d5-b1ca-4204-b7c6-397e5a7dcf1e%22:%91%22background_color%22%93}&#8221;][et_pb_row column_structure=&#8221;1_2,1_2&#8243; _builder_version=&#8221;4.25.1&#8243; _module_preset=&#8221;default&#8221; global_colors_info=&#8221;{}&#8221;][et_pb_column type=&#8221;1_2&#8243; _builder_version=&#8221;4.21.2&#8243; _module_preset=&#8221;default&#8221; global_colors_info=&#8221;{}&#8221;][et_pb_text _builder_version=&#8221;4.25.1&#8243; _module_preset=&#8221;f424d3c4-e529-4b23-8f2e-6617779cd3ec&#8221; global_colors_info=&#8221;{}&#8221;]<\/p>\n<p><strong>Let us introduce ourselves<\/strong><\/p>\n<p>Mental Power Prague Film Festival is an international film festival for people with mental and combined disabilities and for competent filmmakers. For almost 20 years, courageous artists, delighted audiences have met here, and unforgettable stories and friendships have been created. This festival is a proof that art has no boundaries. This is where you can overcome barriers and build careers.<\/p>\n<p>[\/et_pb_text][\/et_pb_column][et_pb_column type=&#8221;1_2&#8243; _builder_version=&#8221;4.22.2&#8243; _module_preset=&#8221;default&#8221; global_colors_info=&#8221;{}&#8221;][et_pb_video src=&#8221;https:\/\/www.youtube.com\/watch?v=ZzJD8H3Tutw&#8221; _builder_version=&#8221;4.22.2&#8243; _module_preset=&#8221;default&#8221; global_colors_info=&#8221;{}&#8221;][\/et_pb_video][\/et_pb_column][\/et_pb_row][et_pb_row _builder_version=&#8221;4.22.2&#8243; _module_preset=&#8221;default&#8221; global_colors_info=&#8221;{}&#8221;][et_pb_column type=&#8221;4_4&#8243; _builder_version=&#8221;4.22.2&#8243; _module_preset=&#8221;default&#8221; global_colors_info=&#8221;{}&#8221;][et_pb_text _builder_version=&#8221;4.25.1&#8243; _module_preset=&#8221;default&#8221; text_font_size=&#8221;23px&#8221; custom_margin=&#8221;||0px|||&#8221; global_colors_info=&#8221;{}&#8221;]<\/p>\n<p><strong>Our mission is:<\/strong><\/p>\n<p>[\/et_pb_text][\/et_pb_column][\/et_pb_row][et_pb_row column_structure=&#8221;1_4,1_4,1_4,1_4&#8243; _builder_version=&#8221;4.25.1&#8243; _module_preset=&#8221;default&#8221; custom_padding=&#8221;8px||24px|||&#8221; global_colors_info=&#8221;{}&#8221;][et_pb_column type=&#8221;1_4&#8243; _builder_version=&#8221;4.22.2&#8243; _module_preset=&#8221;default&#8221; global_colors_info=&#8221;{}&#8221;][et_pb_icon font_icon=&#8221;&#x52;||divi||400&#8243; icon_color=&#8221;#000000&#8243; icon_width=&#8221;25px&#8221; align=&#8221;left&#8221; _builder_version=&#8221;4.25.1&#8243; _module_preset=&#8221;default&#8221; background_color=&#8221;RGBA(255,255,255,0)&#8221; custom_margin=&#8221;||7px|||&#8221; global_colors_info=&#8221;{}&#8221;][\/et_pb_icon][et_pb_text _builder_version=&#8221;4.25.1&#8243; _module_preset=&#8221;default&#8221; custom_margin=&#8221;1px||29px|||&#8221; global_colors_info=&#8221;{}&#8221;]<\/p>\n<p>To create an experience like at the most prestigious festivals \u2013 red carpet, thunderous applause, festive atmosphere. Art really becomes a bridge that connects everyone at the festival.<\/p>\n<p>[\/et_pb_text][\/et_pb_column][et_pb_column type=&#8221;1_4&#8243; _builder_version=&#8221;4.22.2&#8243; _module_preset=&#8221;default&#8221; global_colors_info=&#8221;{}&#8221;][et_pb_icon font_icon=&#8221;&#x52;||divi||400&#8243; icon_color=&#8221;#000000&#8243; icon_width=&#8221;25px&#8221; align=&#8221;left&#8221; _builder_version=&#8221;4.22.2&#8243; _module_preset=&#8221;default&#8221; background_color=&#8221;RGBA(255,255,255,0)&#8221; custom_margin=&#8221;||7px|||&#8221; global_colors_info=&#8221;{}&#8221;][\/et_pb_icon][et_pb_text _builder_version=&#8221;4.25.1&#8243; _module_preset=&#8221;default&#8221; custom_margin=&#8221;1px||29px|||&#8221; hover_enabled=&#8221;0&#8243; global_colors_info=&#8221;{}&#8221; sticky_enabled=&#8221;0&#8243;]<\/p>\n<p>Connecting worlds \u2013 the festival is not just about movies, but about sharing inspiration and breaking down prejudices. Everybody can find his or her role here and can be enriched.<\/p>\n<p>[\/et_pb_text][\/et_pb_column][et_pb_column type=&#8221;1_4&#8243; _builder_version=&#8221;4.22.2&#8243; _module_preset=&#8221;default&#8221; global_colors_info=&#8221;{}&#8221;][et_pb_icon font_icon=&#8221;&#x52;||divi||400&#8243; icon_color=&#8221;#000000&#8243; icon_width=&#8221;25px&#8221; align=&#8221;left&#8221; _builder_version=&#8221;4.22.2&#8243; _module_preset=&#8221;default&#8221; background_color=&#8221;RGBA(255,255,255,0)&#8221; custom_margin=&#8221;||7px|||&#8221; global_colors_info=&#8221;{}&#8221;][\/et_pb_icon][et_pb_text _builder_version=&#8221;4.25.1&#8243; _module_preset=&#8221;default&#8221; custom_margin=&#8221;1px||29px|||&#8221; global_colors_info=&#8221;{}&#8221;]<\/p>\n<p>Breaking limits \u2013 we show that art belongs to everyone. Together, our artists and filmmakers prove that all we need is the courage to create. Art knows no barriers.<\/p>\n<p>[\/et_pb_text][\/et_pb_column][et_pb_column type=&#8221;1_4&#8243; _builder_version=&#8221;4.22.2&#8243; _module_preset=&#8221;default&#8221; global_colors_info=&#8221;{}&#8221;][et_pb_icon font_icon=&#8221;&#x52;||divi||400&#8243; icon_color=&#8221;#000000&#8243; icon_width=&#8221;25px&#8221; align=&#8221;left&#8221; _builder_version=&#8221;4.22.2&#8243; _module_preset=&#8221;default&#8221; background_color=&#8221;RGBA(255,255,255,0)&#8221; custom_margin=&#8221;||7px|||&#8221; global_colors_info=&#8221;{}&#8221;][\/et_pb_icon][et_pb_text _builder_version=&#8221;4.25.1&#8243; _module_preset=&#8221;default&#8221; custom_margin=&#8221;1px||29px|||&#8221; global_colors_info=&#8221;{}&#8221;]<\/p>\n<p>Dozens of lives changed every year! &#8211; every year we manage to improve the lives of hundreds of people, their friends and families.<\/p>\n<p>[\/et_pb_text][\/et_pb_column][\/et_pb_row][\/et_pb_section][et_pb_section fb_built=&#8221;1&#8243; disabled_on=&#8221;off|on|off&#8221; _builder_version=&#8221;4.25.1&#8243; _module_preset=&#8221;default&#8221; background_color=&#8221;gcid-cc4470d5-b1ca-4204-b7c6-397e5a7dcf1e&#8221; custom_padding=&#8221;29px||35px|||&#8221; collapsed=&#8221;off&#8221; global_colors_info=&#8221;{%22gcid-cc4470d5-b1ca-4204-b7c6-397e5a7dcf1e%22:%91%22background_color%22%93}&#8221;][et_pb_row _builder_version=&#8221;4.25.1&#8243; _module_preset=&#8221;default&#8221; custom_padding=&#8221;11px||9px|||&#8221; global_colors_info=&#8221;{}&#8221;][et_pb_column type=&#8221;4_4&#8243; _builder_version=&#8221;4.21.2&#8243; _module_preset=&#8221;default&#8221; global_colors_info=&#8221;{}&#8221;][et_pb_text _builder_version=&#8221;4.25.1&#8243; _module_preset=&#8221;default&#8221; width=&#8221;100%&#8221; custom_margin=&#8221;|-691px||||&#8221; custom_padding=&#8221;|0px||||&#8221; global_colors_info=&#8221;{}&#8221;]<\/p>\n<p><strong>What do we offer to filmmakers?<\/strong><\/p>\n<p>The opportunity to make a truly exceptional movie \u2013 cooperate with non-actors who will surprise you with authenticity and passion that is hard to find elsewhere else. Your work will gain an unique dimension and can resonate not only at our festival, but worldwide as well.<\/p>\n<p>Area for growth and inspiration \u2013 by participating in the festival, you will acquire experiences that will help you professionally and personally. While working on these projects, you will discover what the true power of story and humanity means and you will discover yourself.<\/p>\n<p>Opportunity to earn and gain visibility \u2013 your work will be part of a prestigious event that attracts the attention of the media, viewers and experts from all over the world.<\/p>\n<p>[\/et_pb_text][\/et_pb_column][\/et_pb_row][et_pb_row _builder_version=&#8221;4.22.2&#8243; _module_preset=&#8221;default&#8221; custom_padding=&#8221;89px||24px|||&#8221; global_colors_info=&#8221;{}&#8221;][et_pb_column type=&#8221;4_4&#8243; _builder_version=&#8221;4.22.2&#8243; _module_preset=&#8221;default&#8221; global_colors_info=&#8221;{}&#8221;][et_pb_text _builder_version=&#8221;4.25.1&#8243; _module_preset=&#8221;default&#8221; width=&#8221;100%&#8221; custom_margin=&#8221;1px||29px|||&#8221; global_colors_info=&#8221;{}&#8221;]<\/p>\n<p><strong>Why to get involved as an organization?<\/strong><\/p>\n<p>Let us know about you! Participating in the Mental Power Prague Film Festival is an unique opportunity to gain visibility for your organization and meet colleagues from your domain. You don\u2019t need to be experienced in filmmaking \u2013 quite the opposite! Our festival will connect you, if you\u2018ll wish so, with young professional filmmakers who are looking for partners like you. Don\u2019t worry, all you need is a desire to get involved. An unforgettable experience awaits you in the heart of Prague, comfortable accommodation, a gala evening full of celebrities and inspiration for every next step. Enjoy the festival in calm, be relaxed and win lots of new ideas!<\/p>\n<p>[\/et_pb_text][\/et_pb_column][\/et_pb_row][et_pb_row disabled_on=&#8221;on|on|on&#8221; _builder_version=&#8221;4.25.1&#8243; _module_preset=&#8221;default&#8221; custom_padding=&#8221;8px||24px|||&#8221; disabled=&#8221;on&#8221; global_colors_info=&#8221;{}&#8221;][et_pb_column type=&#8221;4_4&#8243; _builder_version=&#8221;4.22.2&#8243; _module_preset=&#8221;default&#8221; global_colors_info=&#8221;{}&#8221;][et_pb_text _builder_version=&#8221;4.25.1&#8243; _module_preset=&#8221;default&#8221; custom_margin=&#8221;1px||29px|||&#8221; global_colors_info=&#8221;{}&#8221;]<\/p>\n<p><strong>Na\u0161\u00edm posl\u00e1n\u00edm je:<\/strong><\/p>\n<p>Vytvo\u0159it z\u00e1\u017eitek jako na t\u011bch nejpresti\u017en\u011bj\u0161\u00edch festivalech \u2013 \u010derven\u00fd koberec, bou\u0159liv\u00fd potlesk, slavnostn\u00ed atmosf\u00e9ra. Na festivalu se um\u011bn\u00ed st\u00e1v\u00e1 mostem, kter\u00fd spojuje v\u0161echny.<\/p>\n<p>Propojovat sv\u011bty \u2013 festival nen\u00ed jen o filmu, ale o sd\u00edlen\u00ed inspirace a bour\u00e1n\u00ed p\u0159edsudk\u016f. Ka\u017ed\u00fd tu m\u016f\u017ee naj\u00edt svou roli a nechat se obohatit.<\/p>\n<p>Bourat limity \u2013 ukazujeme, \u017ee um\u011bn\u00ed pat\u0159\u00ed v\u0161em. Na\u0161i um\u011blci a filma\u0159i spole\u010dn\u011b dokazuj\u00ed, \u017ee jedin\u00e9, co pot\u0159ebujeme, je odvaha tvo\u0159it. V um\u011bn\u00ed bari\u00e9ry neexistuj\u00ed.<\/p>\n<p>Des\u00edtky zm\u011bn\u011bn\u00fdch \u017eivot\u016f ka\u017ed\u00fd rok! &#8211; ka\u017ed\u00fd rok se da\u0159\u00ed zkvalitnit \u017eivoty stovek lid\u00ed, jejich p\u0159\u00e1tel\u016fm a rodin\u00e1m.<\/p>\n<p>[\/et_pb_text][\/et_pb_column][\/et_pb_row][et_pb_row _builder_version=&#8221;4.22.2&#8243; _module_preset=&#8221;default&#8221; custom_padding=&#8221;8px||24px|||&#8221; global_colors_info=&#8221;{}&#8221;][et_pb_column type=&#8221;4_4&#8243; _builder_version=&#8221;4.22.2&#8243; _module_preset=&#8221;default&#8221; global_colors_info=&#8221;{}&#8221;][et_pb_text _builder_version=&#8221;4.25.1&#8243; _module_preset=&#8221;default&#8221; custom_margin=&#8221;1px||29px|||&#8221; global_colors_info=&#8221;{}&#8221;]<\/p>\n<p><strong>What we have already accomplished<\/strong><\/p>\n<p>During 17 years, we have collected dozens of unforgettable films and stories. Our archive gallery is full of emotions and inspiration. Immerse yourself in moments that show that dreams can really become true.<\/p>\n<p>&nbsp;<\/p>\n<p>[\/et_pb_text][\/et_pb_column][\/et_pb_row][et_pb_row column_structure=&#8221;1_4,1_2&#8243; disabled_on=&#8221;on|on|on&#8221; _builder_version=&#8221;4.22.2&#8243; _module_preset=&#8221;default&#8221; custom_padding=&#8221;8px||24px|||&#8221; disabled=&#8221;on&#8221; global_colors_info=&#8221;{}&#8221;][et_pb_column type=&#8221;1_4&#8243; _builder_version=&#8221;4.22.2&#8243; _module_preset=&#8221;default&#8221; global_colors_info=&#8221;{}&#8221;][et_pb_icon font_icon=&#8221;&#x52;||divi||400&#8243; icon_color=&#8221;#000000&#8243; icon_width=&#8221;25px&#8221; align=&#8221;left&#8221; _builder_version=&#8221;4.22.2&#8243; _module_preset=&#8221;default&#8221; background_color=&#8221;RGBA(255,255,255,0)&#8221; custom_margin=&#8221;||7px|||&#8221; global_colors_info=&#8221;{}&#8221;][\/et_pb_icon][et_pb_text _builder_version=&#8221;4.25.1&#8243; _module_preset=&#8221;default&#8221; custom_margin=&#8221;1px||29px|||&#8221; global_colors_info=&#8221;{}&#8221;]<\/p>\n<h1>Aktu\u00e1ln\u00ed ro\u010dn\u00edk<\/h1>\n<p>[\/et_pb_text][\/et_pb_column][et_pb_column type=&#8221;1_2&#8243; _builder_version=&#8221;4.21.2&#8243; _module_preset=&#8221;default&#8221; global_colors_info=&#8221;{}&#8221;][\/et_pb_column][\/et_pb_row][et_pb_row column_structure=&#8221;1_4,1_2,1_4&#8243; disabled_on=&#8221;on|on|on&#8221; _builder_version=&#8221;4.25.1&#8243; _module_preset=&#8221;default&#8221; disabled=&#8221;on&#8221; global_colors_info=&#8221;{}&#8221;][et_pb_column type=&#8221;1_4&#8243; _builder_version=&#8221;4.21.2&#8243; _module_preset=&#8221;default&#8221; global_colors_info=&#8221;{}&#8221;][et_pb_image src=&#8221;https:\/\/mentalpower.cz\/wp-content\/uploads\/2023\/09\/FESTIVAL-BUDE.jpg&#8221; title_text=&#8221;FESTIVAL-BUDE&#8221; _builder_version=&#8221;4.25.1&#8243; _module_preset=&#8221;default&#8221; border_width_all=&#8221;1px&#8221; border_color_all=&#8221;rgba(0,0,0,0.09)&#8221; global_colors_info=&#8221;{}&#8221;][\/et_pb_image][\/et_pb_column][et_pb_column type=&#8221;1_2&#8243; _builder_version=&#8221;4.21.2&#8243; _module_preset=&#8221;default&#8221; global_colors_info=&#8221;{}&#8221;][et_pb_text _builder_version=&#8221;4.22.2&#8243; _module_preset=&#8221;f424d3c4-e529-4b23-8f2e-6617779cd3ec&#8221; text_text_color=&#8221;#000000&#8243; global_colors_info=&#8221;{}&#8221;]<\/p>\n<h2>Festival bude!!<\/h2>\n<p>[\/et_pb_text][et_pb_text _builder_version=&#8221;4.22.2&#8243; _module_preset=&#8221;default&#8221; global_colors_info=&#8221;{}&#8221;]<span style=\"color: #333333;\">17. ro\u010dn\u00edk MPPFF se uskute\u010dn\u00ed v \u010dervnu 2024. T\u011b\u0161\u00edme se na nov\u00e9 filmy a spole\u010dn\u00e1 a inspirativn\u00ed setk\u00e1n\u00ed!!<\/span><br \/>\n[\/et_pb_text][\/et_pb_column][et_pb_column type=&#8221;1_4&#8243; _builder_version=&#8221;4.21.2&#8243; _module_preset=&#8221;default&#8221; global_colors_info=&#8221;{}&#8221;][et_pb_button button_url=&#8221;\/prihlaska&#8221; button_text=&#8221;P\u0159ihl\u00e1sit film&#8221; button_alignment=&#8221;right&#8221; _builder_version=&#8221;4.21.2&#8243; _module_preset=&#8221;default&#8221; global_colors_info=&#8221;{}&#8221;][\/et_pb_button][\/et_pb_column][\/et_pb_row][\/et_pb_section][et_pb_section fb_built=&#8221;1&#8243; _builder_version=&#8221;4.21.2&#8243; _module_preset=&#8221;default&#8221; background_color=&#8221;gcid-cc4470d5-b1ca-4204-b7c6-397e5a7dcf1e&#8221; custom_padding=&#8221;5px|||||&#8221; global_colors_info=&#8221;{%22gcid-cc4470d5-b1ca-4204-b7c6-397e5a7dcf1e%22:%91%22background_color%22%93}&#8221;][et_pb_row column_structure=&#8221;1_4,1_2,1_4&#8243; _builder_version=&#8221;4.21.2&#8243; _module_preset=&#8221;default&#8221; custom_padding=&#8221;||113px|||&#8221; global_colors_info=&#8221;{}&#8221;][et_pb_column type=&#8221;1_4&#8243; _builder_version=&#8221;4.21.2&#8243; _module_preset=&#8221;default&#8221; global_colors_info=&#8221;{}&#8221;][et_pb_image src=&#8221;https:\/\/mentalpower.cz\/wp-content\/uploads\/2023\/09\/predchozi-rocniky.jpg&#8221; title_text=&#8221;p\u0159edchoz\u00ed-ro\u010dn\u00edky&#8221; _builder_version=&#8221;4.22.2&#8243; _module_preset=&#8221;default&#8221; border_width_all=&#8221;1px&#8221; border_color_all=&#8221;rgba(10,10,10,0.13)&#8221; global_colors_info=&#8221;{}&#8221;][\/et_pb_image][\/et_pb_column][et_pb_column type=&#8221;1_2&#8243; _builder_version=&#8221;4.21.2&#8243; _module_preset=&#8221;default&#8221; global_colors_info=&#8221;{}&#8221;][et_pb_text _builder_version=&#8221;4.22.2&#8243; _module_preset=&#8221;f424d3c4-e529-4b23-8f2e-6617779cd3ec&#8221; text_text_color=&#8221;#000000&#8243; global_colors_info=&#8221;{}&#8221;]<\/p>\n<h2>P\u0159edchoz\u00ed ro\u010dn\u00edky<\/h2>\n<p>[\/et_pb_text][et_pb_text _builder_version=&#8221;4.22.2&#8243; _module_preset=&#8221;default&#8221; custom_margin=&#8221;-13px|||||&#8221; global_colors_info=&#8221;{}&#8221;]P\u0159ipome\u0148te si nejlep\u0161\u00ed filmy a emotivn\u00ed fotografie. Najdete zde fascinuj\u00edc\u00ed archiv pln\u00fd unik\u00e1tn\u00edch film\u016f, dojemn\u00fdch okam\u017eik\u016f a inspirativn\u00edch p\u0159\u00edb\u011bh\u016f z p\u0159ede\u0161l\u00fdch let.<\/p>\n<p>A pokud v\u00e1s zaj\u00edm\u00e1 jak to cel\u00e9 za\u010dalo, je zde k nahl\u00e9dnut\u00ed i historie cel\u00e9ho Mental Power Film Festivalu ji\u017e od roku 2006 !<br \/>\n[\/et_pb_text][\/et_pb_column][et_pb_column type=&#8221;1_4&#8243; _builder_version=&#8221;4.21.2&#8243; _module_preset=&#8221;default&#8221; global_colors_info=&#8221;{}&#8221;][et_pb_button button_url=&#8221;https:\/\/mentalpower.cz\/filmovy-archiv\/&#8221; button_text=&#8221;Filmy&#8221; button_alignment=&#8221;right&#8221; admin_label=&#8221;Tla\u010d\u00edtko&#8221; _builder_version=&#8221;4.22.2&#8243; _module_preset=&#8221;default&#8221; global_colors_info=&#8221;{}&#8221;][\/et_pb_button][et_pb_button button_url=&#8221;@ET-DC@eyJkeW5hbWljIjp0cnVlLCJjb250ZW50IjoicG9zdF9saW5rX3VybF9wYWdlIiwic2V0dGluZ3MiOnsicG9zdF9pZCI6IjMyMiIsImVuYWJsZV9odG1sIjoib2ZmIn19@&#8221; button_text=&#8221;Fotogalerie&#8221; button_alignment=&#8221;right&#8221; _builder_version=&#8221;4.22.2&#8243; _dynamic_attributes=&#8221;button_url&#8221; _module_preset=&#8221;default&#8221; global_colors_info=&#8221;{}&#8221;][\/et_pb_button][et_pb_button button_url=&#8221;@ET-DC@eyJkeW5hbWljIjp0cnVlLCJjb250ZW50IjoicG9zdF9saW5rX3VybF9wYWdlIiwic2V0dGluZ3MiOnsicG9zdF9pZCI6IjQxNSIsImVuYWJsZV9odG1sIjoib2ZmIn19@&#8221; button_text=&#8221;Historie&#8221; button_alignment=&#8221;right&#8221; _builder_version=&#8221;4.22.2&#8243; _dynamic_attributes=&#8221;button_url&#8221; _module_preset=&#8221;default&#8221; global_colors_info=&#8221;{}&#8221;][\/et_pb_button][\/et_pb_column][\/et_pb_row][et_pb_row _builder_version=&#8221;4.21.2&#8243; _module_preset=&#8221;default&#8221; global_colors_info=&#8221;{}&#8221;][et_pb_column type=&#8221;4_4&#8243; _builder_version=&#8221;4.21.2&#8243; _module_preset=&#8221;default&#8221; global_colors_info=&#8221;{}&#8221;][dipl_image_card_carousel cards_per_slide=&#8221;4&#8243; equalize_slides_height=&#8221;on&#8221; show_arrow=&#8221;on&#8221; previous_slide_arrow=&#8221;&#x23;||divi||400&#8243; next_slide_arrow=&#8221;&#x24;||divi||400&#8243; arrows_position=&#8221;outside&#8221; arrows_custom_padding=&#8221;5px|7px|5px|7px|true|true&#8221; arrow_font_size=&#8221;23px&#8221; arrow_color=&#8221;#000000&#8243; arrow_background_color=&#8221;RGBA(255,255,255,0)&#8221; arrow_background_border_size=&#8221;1px&#8221; icon_color=&#8221;#FFFFFF&#8221; slider_container_custom_padding=&#8221;||||false|false&#8221; cards_per_slide_tablet=&#8221;2&#8243; cards_per_slide_phone=&#8221;1&#8243; _builder_version=&#8221;4.22.2&#8243; _module_preset=&#8221;default&#8221; custom_margin=&#8221;||||false|false&#8221; custom_padding=&#8221;||||false|false&#8221; global_colors_info=&#8221;{}&#8221;][dipl_image_card_carousel_item title=&#8221;MPPFF 0&#8243; image=&#8221;https:\/\/mentalpower.cz\/wp-content\/uploads\/2023\/10\/Screenshot-2023-10-02-at-17.19.10.png&#8221; _builder_version=&#8221;4.22.2&#8243; _module_preset=&#8221;default&#8221; text_orientation=&#8221;center&#8221; global_colors_info=&#8221;{}&#8221;]2006<br \/>\n[\/dipl_image_card_carousel_item][dipl_image_card_carousel_item title=&#8221;MPPFF I&#8221; image=&#8221;https:\/\/mentalpower.cz\/wp-content\/uploads\/2023\/12\/MPPFF-I-2007-scaled.jpg&#8221; _builder_version=&#8221;4.22.2&#8243; _module_preset=&#8221;default&#8221; text_orientation=&#8221;center&#8221; global_colors_info=&#8221;{}&#8221;]2007<br \/>\n[\/dipl_image_card_carousel_item][dipl_image_card_carousel_item title=&#8221;MPPFF II&#8221; image=&#8221;https:\/\/mentalpower.cz\/wp-content\/uploads\/2023\/10\/mentalPOWER_plakat.jpg&#8221; _builder_version=&#8221;4.22.2&#8243; _module_preset=&#8221;default&#8221; text_orientation=&#8221;center&#8221; global_colors_info=&#8221;{}&#8221;]2008<br \/>\n[\/dipl_image_card_carousel_item][dipl_image_card_carousel_item title=&#8221;MPPFF III&#8221; image=&#8221;https:\/\/mentalpower.cz\/wp-content\/uploads\/2023\/12\/MPPFF-III-2009-scaled.jpg&#8221; _builder_version=&#8221;4.22.2&#8243; _module_preset=&#8221;default&#8221; text_orientation=&#8221;center&#8221; global_colors_info=&#8221;{}&#8221;]2009<br \/>\n[\/dipl_image_card_carousel_item][dipl_image_card_carousel_item title=&#8221;MPPFF IV&#8221; image=&#8221;https:\/\/mentalpower.cz\/wp-content\/uploads\/2023\/09\/Rectangle-37.png&#8221; _builder_version=&#8221;4.22.2&#8243; _module_preset=&#8221;default&#8221; text_orientation=&#8221;center&#8221; global_colors_info=&#8221;{}&#8221;]2010<br \/>\n[\/dipl_image_card_carousel_item][dipl_image_card_carousel_item title=&#8221;MPPFF V&#8221; image=&#8221;https:\/\/mentalpower.cz\/wp-content\/uploads\/2023\/12\/MPPFF-V-2011.jpg&#8221; _builder_version=&#8221;4.22.2&#8243; _module_preset=&#8221;default&#8221; text_orientation=&#8221;center&#8221; global_colors_info=&#8221;{}&#8221;]2011<br \/>\n[\/dipl_image_card_carousel_item][dipl_image_card_carousel_item title=&#8221;MPPFF VI&#8221; image=&#8221;https:\/\/mentalpower.cz\/wp-content\/uploads\/2023\/10\/plakat_mppff-scaled.jpg&#8221; _builder_version=&#8221;4.22.2&#8243; _module_preset=&#8221;default&#8221; text_orientation=&#8221;center&#8221; global_colors_info=&#8221;{}&#8221;]2012<br \/>\n[\/dipl_image_card_carousel_item][dipl_image_card_carousel_item title=&#8221;MPPFF VII&#8221; image=&#8221;https:\/\/mentalpower.cz\/wp-content\/uploads\/2023\/12\/MPPFF-VII-2013.jpg&#8221; _builder_version=&#8221;4.22.2&#8243; _module_preset=&#8221;default&#8221; text_orientation=&#8221;center&#8221; global_colors_info=&#8221;{}&#8221;]2013<br \/>\n[\/dipl_image_card_carousel_item][dipl_image_card_carousel_item title=&#8221;MPPFF VIII&#8221; image=&#8221;https:\/\/mentalpower.cz\/wp-content\/uploads\/2023\/09\/Rectangle-34.png&#8221; _builder_version=&#8221;4.22.2&#8243; _module_preset=&#8221;default&#8221; text_orientation=&#8221;center&#8221; global_colors_info=&#8221;{}&#8221;]<span style=\"color: #333333;\">2014<\/span><br \/>\n[\/dipl_image_card_carousel_item][dipl_image_card_carousel_item title=&#8221;MPPFF IX&#8221; image=&#8221;https:\/\/mentalpower.cz\/wp-content\/uploads\/2023\/12\/MPPFF-IX-2015.jpg&#8221; _builder_version=&#8221;4.22.2&#8243; _module_preset=&#8221;default&#8221; text_orientation=&#8221;center&#8221; global_colors_info=&#8221;{}&#8221;]<span style=\"color: #333333;\">2015<\/span><br \/>\n[\/dipl_image_card_carousel_item][dipl_image_card_carousel_item title=&#8221;MPPFF X&#8221; image=&#8221;https:\/\/mentalpower.cz\/wp-content\/uploads\/2023\/12\/MPPFF-X-2016.jpg&#8221; _builder_version=&#8221;4.22.2&#8243; _module_preset=&#8221;default&#8221; text_orientation=&#8221;center&#8221; global_colors_info=&#8221;{}&#8221;]<span style=\"color: #333333;\">2016<\/span><br \/>\n[\/dipl_image_card_carousel_item][dipl_image_card_carousel_item title=&#8221;MPPFF XI&#8221; image=&#8221;https:\/\/mentalpower.cz\/wp-content\/uploads\/2023\/08\/bec989eb7b813e3191b752787184c64a-2.jpg&#8221; _builder_version=&#8221;4.22.2&#8243; _module_preset=&#8221;default&#8221; text_orientation=&#8221;center&#8221; global_colors_info=&#8221;{}&#8221;]<span style=\"color: #333333;\">2017<\/span><br \/>\n[\/dipl_image_card_carousel_item][dipl_image_card_carousel_item title=&#8221;MPPFF XII&#8221; image=&#8221;https:\/\/mentalpower.cz\/wp-content\/uploads\/2023\/12\/MPPFF-XII-2018.jpg&#8221; _builder_version=&#8221;4.22.2&#8243; _module_preset=&#8221;default&#8221; text_orientation=&#8221;center&#8221; global_colors_info=&#8221;{}&#8221;]<span style=\"color: #333333;\">2018<\/span><br \/>\n[\/dipl_image_card_carousel_item][dipl_image_card_carousel_item title=&#8221;MPPFF XIII&#8221; image=&#8221;https:\/\/mentalpower.cz\/wp-content\/uploads\/2023\/12\/MPPFF-XIII-2019.jpg&#8221; _builder_version=&#8221;4.22.2&#8243; _module_preset=&#8221;default&#8221; text_orientation=&#8221;center&#8221; global_colors_info=&#8221;{}&#8221;]<span style=\"color: #333333;\">2019<\/span><br \/>\n[\/dipl_image_card_carousel_item][dipl_image_card_carousel_item title=&#8221;MPPFF XVI&#8221; image=&#8221;https:\/\/mentalpower.cz\/wp-content\/uploads\/2023\/12\/MPPFF-XVI-2022.jpg&#8221; _builder_version=&#8221;4.22.2&#8243; _module_preset=&#8221;default&#8221; text_orientation=&#8221;center&#8221; global_colors_info=&#8221;{}&#8221;]<span style=\"color: #333333;\">2022<\/span><br \/>\n[\/dipl_image_card_carousel_item][\/dipl_image_card_carousel][\/et_pb_column][\/et_pb_row][\/et_pb_section]<\/p>\n","protected":false},"excerpt":{"rendered":"<p>Let us introduce ourselves Mental Power Prague Film Festival is an international film festival for people with mental and combined disabilities and for competent filmmakers. For almost 20 years, courageous artists, delighted audiences have met here, and unforgettable stories and friendships have been created. This festival is a proof that art has no boundaries. This [&hellip;]<\/p>\n","protected":false},"author":3,"featured_media":0,"parent":0,"menu_order":0,"comment_status":"closed","ping_status":"closed","template":"","meta":{"_et_pb_use_builder":"on","_et_pb_old_content":"","_et_gb_content_width":"","footnotes":""},"class_list":["post-756","page","type-page","status-publish","hentry"],"_links":{"self":[{"href":"https:\/\/mentalpower.cz\/en\/wp-json\/wp\/v2\/pages\/756","targetHints":{"allow":["GET"]}}],"collection":[{"href":"https:\/\/mentalpower.cz\/en\/wp-json\/wp\/v2\/pages"}],"about":[{"href":"https:\/\/mentalpower.cz\/en\/wp-json\/wp\/v2\/types\/page"}],"author":[{"embeddable":true,"href":"https:\/\/mentalpower.cz\/en\/wp-json\/wp\/v2\/users\/3"}],"replies":[{"embeddable":true,"href":"https:\/\/mentalpower.cz\/en\/wp-json\/wp\/v2\/comments?post=756"}],"version-history":[{"count":9,"href":"https:\/\/mentalpower.cz\/en\/wp-json\/wp\/v2\/pages\/756\/revisions"}],"predecessor-version":[{"id":936,"href":"https:\/\/mentalpower.cz\/en\/wp-json\/wp\/v2\/pages\/756\/revisions\/936"}],"wp:attachment":[{"href":"https:\/\/mentalpower.cz\/en\/wp-json\/wp\/v2\/media?parent=756"}],"curies":[{"name":"wp","href":"https:\/\/api.w.org\/{rel}","templated":true}]}}